{"id":104,"date":"2011-09-13T15:46:45","date_gmt":"2011-09-13T13:46:45","guid":{"rendered":"http:\/\/www.r9.cz\/?page_id=104"},"modified":"2014-02-23T11:38:57","modified_gmt":"2014-02-23T10:38:57","slug":"fotogalerie","status":"publish","type":"page","link":"https:\/\/www.r9.cz\/?page_id=104","title":{"rendered":"PF&#8230;."},"content":{"rendered":"<p>P\u0159ehled na\u0161ich PF aneb jak \u0161el \u010das &#8230;<\/p>\nngg_shortcode_0_placeholder\n","protected":false},"excerpt":{"rendered":"<p>P\u0159ehled na\u0161ich PF aneb jak \u0161el \u010das &#8230;<\/p>\n","protected":false},"author":1,"featured_media":0,"parent":0,"menu_order":4,"comment_status":"closed","ping_status":"closed","template":"","meta":{"ngg_post_thumbnail":0,"footnotes":""},"_links":{"self":[{"href":"https:\/\/www.r9.cz\/index.php?rest_route=\/wp\/v2\/pages\/104"}],"collection":[{"href":"https:\/\/www.r9.cz\/index.php?rest_route=\/wp\/v2\/pages"}],"about":[{"href":"https:\/\/www.r9.cz\/index.php?rest_route=\/wp\/v2\/types\/page"}],"author":[{"embeddable":true,"href":"https:\/\/www.r9.cz\/index.php?rest_route=\/wp\/v2\/users\/1"}],"replies":[{"embeddable":true,"href":"https:\/\/www.r9.cz\/index.php?rest_route=%2Fwp%2Fv2%2Fcomments&post=104"}],"version-history":[{"count":7,"href":"https:\/\/www.r9.cz\/index.php?rest_route=\/wp\/v2\/pages\/104\/revisions"}],"predecessor-version":[{"id":2059,"href":"https:\/\/www.r9.cz\/index.php?rest_route=\/wp\/v2\/pages\/104\/revisions\/2059"}],"wp:attachment":[{"href":"https:\/\/www.r9.cz\/index.php?rest_route=%2Fwp%2Fv2%2Fmedia&parent=104"}],"curies":[{"name":"wp","href":"https:\/\/api.w.org\/{rel}","templated":true}]}}