{"id":1198,"date":"2012-04-15T11:23:08","date_gmt":"2012-04-15T10:23:08","guid":{"rendered":"http:\/\/www.r9.cz\/?page_id=1198"},"modified":"2021-05-02T19:00:05","modified_gmt":"2021-05-02T18:00:05","slug":"schuzky","status":"publish","type":"page","link":"https:\/\/www.r9.cz\/?page_id=1198","title":{"rendered":"Sch\u016fzky"},"content":{"rendered":"<p>Moment\u00e1ln\u011b nen\u00ed napl\u00e1novan\u00e1 \u017e\u00e1dn\u00e1 sch\u016fzka. I n\u00e1s zas\u00e1hla Covidov\u00e1 omezen\u00ed. Ale \u010dlenov\u00e9 se sna\u017e\u00ed a n\u011bkte\u0159\u00ed aj plod\u00ed. Jejich fotky najdete na soci\u00e1ln\u00edch s\u00edt\u00edch jako je FaceBook \u010di Instagram. M\u00e1te-li z\u00e1jem se p\u0159ipojit, napi\u0161te na R9@R9.cz.<\/p>\n<p>&nbsp;<\/p>\n<p>&nbsp;<\/p>\n","protected":false},"excerpt":{"rendered":"<p>Moment\u00e1ln\u011b nen\u00ed napl\u00e1novan\u00e1 \u017e\u00e1dn\u00e1 sch\u016fzka. I n\u00e1s zas\u00e1hla Covidov\u00e1 omezen\u00ed. Ale \u010dlenov\u00e9 se sna\u017e\u00ed a n\u011bkte\u0159\u00ed aj plod\u00ed. Jejich fotky najdete na soci\u00e1ln\u00edch s\u00edt\u00edch jako je FaceBook \u010di Instagram. M\u00e1te-li z\u00e1jem se p\u0159ipojit, napi\u0161te na R9@R9.cz. &nbsp; &nbsp;<\/p>\n","protected":false},"author":4,"featured_media":0,"parent":0,"menu_order":0,"comment_status":"open","ping_status":"open","template":"","meta":{"ngg_post_thumbnail":0,"footnotes":""},"_links":{"self":[{"href":"https:\/\/www.r9.cz\/index.php?rest_route=\/wp\/v2\/pages\/1198"}],"collection":[{"href":"https:\/\/www.r9.cz\/index.php?rest_route=\/wp\/v2\/pages"}],"about":[{"href":"https:\/\/www.r9.cz\/index.php?rest_route=\/wp\/v2\/types\/page"}],"author":[{"embeddable":true,"href":"https:\/\/www.r9.cz\/index.php?rest_route=\/wp\/v2\/users\/4"}],"replies":[{"embeddable":true,"href":"https:\/\/www.r9.cz\/index.php?rest_route=%2Fwp%2Fv2%2Fcomments&post=1198"}],"version-history":[{"count":120,"href":"https:\/\/www.r9.cz\/index.php?rest_route=\/wp\/v2\/pages\/1198\/revisions"}],"predecessor-version":[{"id":3690,"href":"https:\/\/www.r9.cz\/index.php?rest_route=\/wp\/v2\/pages\/1198\/revisions\/3690"}],"wp:attachment":[{"href":"https:\/\/www.r9.cz\/index.php?rest_route=%2Fwp%2Fv2%2Fmedia&parent=1198"}],"curies":[{"name":"wp","href":"https:\/\/api.w.org\/{rel}","templated":true}]}}