{"id":143,"date":"2011-09-15T08:51:49","date_gmt":"2011-09-15T06:51:49","guid":{"rendered":"http:\/\/www.r9.cz\/?page_id=143"},"modified":"2016-03-01T16:36:31","modified_gmt":"2016-03-01T15:36:31","slug":"michal","status":"publish","type":"page","link":"https:\/\/www.r9.cz\/?page_id=143","title":{"rendered":"Michal Kudl\u00e1k"},"content":{"rendered":"<p><strong><a href=\"http:\/\/www.r9.cz\/wp-content\/uploads\/mk11.jpg\"><img loading=\"lazy\" decoding=\"async\" class=\"aligncenter size-full wp-image-153\" title=\"Michal\" src=\"http:\/\/www.r9.cz\/wp-content\/uploads\/mk11.jpg\" alt=\"\" width=\"700\" height=\"467\" srcset=\"https:\/\/www.r9.cz\/wp-content\/uploads\/mk11.jpg 700w, https:\/\/www.r9.cz\/wp-content\/uploads\/mk11-300x200.jpg 300w, https:\/\/www.r9.cz\/wp-content\/uploads\/mk11-449x300.jpg 449w\" sizes=\"(max-width: 700px) 100vw, 700px\" \/><\/a>V\u011bk:<\/strong> &#8230;.s\u00e1t<br \/>\n<strong>Bydli\u0161t\u011b:<\/strong> Ro\u017enov pod Radho\u0161t\u011bm<br \/>\n<strong>Obl\u00edben\u00fd n\u00e1m\u011bt:<\/strong> krajina, krajinn\u00fd detail, zv\u011br divok\u00e1 i v zajet\u00ed<br \/>\n<strong>Osobn\u00ed w\u00e9w\u00e9w\u00e9:<\/strong> <a href=\"https:\/\/www.zonerama.com\/Profile\/4222\/8125\">Zonerama<\/a> <a href=\"https:\/\/www.youtube.com\/channel\/UCdsVHosFe41gI6ix_W4tcBg\" target=\"_blank\">Youtube<\/a><br \/>\nPokladn\u00edk<\/p>\n","protected":false},"excerpt":{"rendered":"<p>V\u011bk: &#8230;.s\u00e1t Bydli\u0161t\u011b: Ro\u017enov pod Radho\u0161t\u011bm Obl\u00edben\u00fd n\u00e1m\u011bt: krajina, krajinn\u00fd detail, zv\u011br divok\u00e1 i v zajet\u00ed Osobn\u00ed w\u00e9w\u00e9w\u00e9: Zonerama Youtube Pokladn\u00edk<\/p>\n","protected":false},"author":5,"featured_media":0,"parent":17,"menu_order":0,"comment_status":"closed","ping_status":"open","template":"","meta":{"ngg_post_thumbnail":0,"footnotes":""},"_links":{"self":[{"href":"https:\/\/www.r9.cz\/index.php?rest_route=\/wp\/v2\/pages\/143"}],"collection":[{"href":"https:\/\/www.r9.cz\/index.php?rest_route=\/wp\/v2\/pages"}],"about":[{"href":"https:\/\/www.r9.cz\/index.php?rest_route=\/wp\/v2\/types\/page"}],"author":[{"embeddable":true,"href":"https:\/\/www.r9.cz\/index.php?rest_route=\/wp\/v2\/users\/5"}],"replies":[{"embeddable":true,"href":"https:\/\/www.r9.cz\/index.php?rest_route=%2Fwp%2Fv2%2Fcomments&post=143"}],"version-history":[{"count":15,"href":"https:\/\/www.r9.cz\/index.php?rest_route=\/wp\/v2\/pages\/143\/revisions"}],"predecessor-version":[{"id":2611,"href":"https:\/\/www.r9.cz\/index.php?rest_route=\/wp\/v2\/pages\/143\/revisions\/2611"}],"up":[{"embeddable":true,"href":"https:\/\/www.r9.cz\/index.php?rest_route=\/wp\/v2\/pages\/17"}],"wp:attachment":[{"href":"https:\/\/www.r9.cz\/index.php?rest_route=%2Fwp%2Fv2%2Fmedia&parent=143"}],"curies":[{"name":"wp","href":"https:\/\/api.w.org\/{rel}","templated":true}]}}