{"id":17,"date":"2011-09-09T14:54:46","date_gmt":"2011-09-09T12:54:46","guid":{"rendered":"http:\/\/www.r9.cz\/?page_id=17"},"modified":"2021-05-02T19:00:59","modified_gmt":"2021-05-02T18:00:59","slug":"o-fotoklubu-r9","status":"publish","type":"page","link":"https:\/\/www.r9.cz\/?page_id=17","title":{"rendered":"\u010clenov\u00e9"},"content":{"rendered":"<ul>\n<li><a title=\"Jarda Pol\u00e1\u0161ek\" href=\"http:\/\/www.r9.cz\/?page_id=35\">Jaroslav Pol\u00e1\u0161ek&nbsp;(Poly)<\/a><\/li>\n<li><a title=\"Radom\u00edr Jirs\u00e1k\" href=\"http:\/\/www.r9.cz\/?page_id=171\">Radom\u00edr Jirs\u00e1k (Jirsa)<\/a><\/li>\n<li><a title=\"Marek Tihelka (tihis)\" href=\"http:\/\/www.r9.cz\/?page_id=30\">Marek Tihelka (Tihis)<\/a><\/li>\n<li><a title=\"Irena Rauchmanov\u00e1\" href=\"http:\/\/www.r9.cz\/?page_id=116\">Irena Rauchmanov\u00e1<\/a><\/li>\n<li><a title=\"Michal&nbsp;Kudl\u00e1k\" href=\"http:\/\/www.r9.cz\/?page_id=143\">Michal Kudl\u00e1k<\/a><\/li>\n<li><a title=\"Veronika Mi\u010dolov\u00e1\" href=\"http:\/\/www.r9.cz\/?page_id=185\">Veronika Mi\u010dolov\u00e1<\/a><\/li>\n<li><a title=\"Ivo Mischinger\" href=\"http:\/\/www.r9.cz\/?page_id=189\">Ivo Mischinger<\/a><\/li>\n<li><a title=\"Jana Kon\u00ed\u0159ov\u00e1\" href=\"http:\/\/www.r9.cz\/?page_id=167\">Jana Kon\u00ed\u0159ov\u00e1<\/a><\/li>\n<li><a title=\"Petr Stola\u0159\" href=\"http:\/\/www.r9.cz\/?page_id=193\">Petr Stol\u00e1\u0159<\/a><\/li>\n<li><a title=\"Martina Jirs\u00e1kov\u00e1\" href=\"http:\/\/www.r9.cz\/?page_id=1846\">Martina Jirs\u00e1kov\u00e1<\/a><\/li>\n<li>Vanda Mischingerov\u00e1<\/li>\n<li><a href=\"http:\/\/www.r9.cz\/?page_id=2453\">Josef Bos\u00e1k<\/a><\/li>\n<li><a href=\"http:\/\/www.r9.cz\/?page_id=3074\">Hana Majerov\u00e1<\/a><\/li>\n<\/ul>\n","protected":false},"excerpt":{"rendered":"<p>Jaroslav Pol\u00e1\u0161ek&nbsp;(Poly) Radom\u00edr Jirs\u00e1k (Jirsa) Marek Tihelka (Tihis) Irena Rauchmanov\u00e1 Michal Kudl\u00e1k Veronika Mi\u010dolov\u00e1 Ivo Mischinger Jana Kon\u00ed\u0159ov\u00e1 Petr Stol\u00e1\u0159 Martina Jirs\u00e1kov\u00e1 Vanda Mischingerov\u00e1 Josef Bos\u00e1k Hana Majerov\u00e1<\/p>\n","protected":false},"author":1,"featured_media":0,"parent":0,"menu_order":2,"comment_status":"closed","ping_status":"open","template":"","meta":{"ngg_post_thumbnail":0,"footnotes":""},"_links":{"self":[{"href":"https:\/\/www.r9.cz\/index.php?rest_route=\/wp\/v2\/pages\/17"}],"collection":[{"href":"https:\/\/www.r9.cz\/index.php?rest_route=\/wp\/v2\/pages"}],"about":[{"href":"https:\/\/www.r9.cz\/index.php?rest_route=\/wp\/v2\/types\/page"}],"author":[{"embeddable":true,"href":"https:\/\/www.r9.cz\/index.php?rest_route=\/wp\/v2\/users\/1"}],"replies":[{"embeddable":true,"href":"https:\/\/www.r9.cz\/index.php?rest_route=%2Fwp%2Fv2%2Fcomments&post=17"}],"version-history":[{"count":29,"href":"https:\/\/www.r9.cz\/index.php?rest_route=\/wp\/v2\/pages\/17\/revisions"}],"predecessor-version":[{"id":3691,"href":"https:\/\/www.r9.cz\/index.php?rest_route=\/wp\/v2\/pages\/17\/revisions\/3691"}],"wp:attachment":[{"href":"https:\/\/www.r9.cz\/index.php?rest_route=%2Fwp%2Fv2%2Fmedia&parent=17"}],"curies":[{"name":"wp","href":"https:\/\/api.w.org\/{rel}","templated":true}]}}