{"id":189,"date":"2011-09-15T19:11:21","date_gmt":"2011-09-15T17:11:21","guid":{"rendered":"http:\/\/www.r9.cz\/?page_id=189"},"modified":"2011-11-09T18:54:37","modified_gmt":"2011-11-09T17:54:37","slug":"ivo-mischinger","status":"publish","type":"page","link":"https:\/\/www.r9.cz\/?page_id=189","title":{"rendered":"Ivo Mischinger"},"content":{"rendered":"<p><a href=\"http:\/\/www.r9.cz\/wp-content\/uploads\/a1.jpg\"><img loading=\"lazy\" decoding=\"async\" class=\"alignleft size-full wp-image-531\" title=\"ivo\" src=\"http:\/\/www.r9.cz\/wp-content\/uploads\/a1.jpg\" alt=\"\" width=\"200\" height=\"147\" \/><\/a><strong><small><strong><\/strong><\/small><\/strong><\/p>\n<p>&nbsp;<\/p>\n<p>&nbsp;<\/p>\n<p>&nbsp;<\/p>\n<p>&nbsp;<\/p>\n<p><strong>Bydli\u0161t\u011b:<\/strong>\u00a0<small>Vigantice<br \/>\n<strong>Obl\u00edben\u00fd n\u00e1m\u011bt:<\/strong><small> st\u00e1le hled\u00e1m<br \/>\n<strong>Osobn\u00ed w\u00e9w\u00e9w\u00e9: <\/strong><a href=\"http:\/\/www.zvetsovak.cz\/\" target=\"_blank\"> http:\/\/www.ZV\u011aT\u0160OV\u00c1K.cz<\/a><\/small><\/small><\/p>\nngg_shortcode_0_placeholder\n","protected":false},"excerpt":{"rendered":"<p>&nbsp; &nbsp; &nbsp; &nbsp; Bydli\u0161t\u011b:\u00a0Vigantice Obl\u00edben\u00fd n\u00e1m\u011bt: st\u00e1le hled\u00e1m Osobn\u00ed w\u00e9w\u00e9w\u00e9: http:\/\/www.ZV\u011aT\u0160OV\u00c1K.cz<\/p>\n","protected":false},"author":10,"featured_media":0,"parent":17,"menu_order":0,"comment_status":"closed","ping_status":"closed","template":"","meta":{"ngg_post_thumbnail":0,"footnotes":""},"_links":{"self":[{"href":"https:\/\/www.r9.cz\/index.php?rest_route=\/wp\/v2\/pages\/189"}],"collection":[{"href":"https:\/\/www.r9.cz\/index.php?rest_route=\/wp\/v2\/pages"}],"about":[{"href":"https:\/\/www.r9.cz\/index.php?rest_route=\/wp\/v2\/types\/page"}],"author":[{"embeddable":true,"href":"https:\/\/www.r9.cz\/index.php?rest_route=\/wp\/v2\/users\/10"}],"replies":[{"embeddable":true,"href":"https:\/\/www.r9.cz\/index.php?rest_route=%2Fwp%2Fv2%2Fcomments&post=189"}],"version-history":[{"count":19,"href":"https:\/\/www.r9.cz\/index.php?rest_route=\/wp\/v2\/pages\/189\/revisions"}],"predecessor-version":[{"id":487,"href":"https:\/\/www.r9.cz\/index.php?rest_route=\/wp\/v2\/pages\/189\/revisions\/487"}],"up":[{"embeddable":true,"href":"https:\/\/www.r9.cz\/index.php?rest_route=\/wp\/v2\/pages\/17"}],"wp:attachment":[{"href":"https:\/\/www.r9.cz\/index.php?rest_route=%2Fwp%2Fv2%2Fmedia&parent=189"}],"curies":[{"name":"wp","href":"https:\/\/api.w.org\/{rel}","templated":true}]}}