{"id":193,"date":"2011-09-15T19:12:00","date_gmt":"2011-09-15T17:12:00","guid":{"rendered":"http:\/\/www.r9.cz\/?page_id=193"},"modified":"2012-01-08T14:51:06","modified_gmt":"2012-01-08T13:51:06","slug":"petr-stolar","status":"publish","type":"page","link":"https:\/\/www.r9.cz\/?page_id=193","title":{"rendered":"Petr Stol\u00e1\u0159"},"content":{"rendered":"<p><strong><small><strong>V\u011bk:<\/strong>\u00a0<\/small><br \/>\nBydli\u0161t\u011b:<\/strong>\u00a0<small>Vala\u0161sk\u00e1 Byst\u0159ice<br \/>\n<strong><\/strong><\/small><strong>Obl\u00edben\u00fd n\u00e1m\u011bt:<\/strong><small><br \/>\n<strong>Osobn\u00ed w\u00e9w\u00e9w\u00e9:<\/strong>\u00a0<\/small><\/p>\n","protected":false},"excerpt":{"rendered":"<p>V\u011bk:\u00a0 Bydli\u0161t\u011b:\u00a0Vala\u0161sk\u00e1 Byst\u0159ice Obl\u00edben\u00fd n\u00e1m\u011bt: Osobn\u00ed w\u00e9w\u00e9w\u00e9:\u00a0<\/p>\n","protected":false},"author":12,"featured_media":0,"parent":17,"menu_order":0,"comment_status":"closed","ping_status":"open","template":"","meta":{"ngg_post_thumbnail":0,"footnotes":""},"_links":{"self":[{"href":"https:\/\/www.r9.cz\/index.php?rest_route=\/wp\/v2\/pages\/193"}],"collection":[{"href":"https:\/\/www.r9.cz\/index.php?rest_route=\/wp\/v2\/pages"}],"about":[{"href":"https:\/\/www.r9.cz\/index.php?rest_route=\/wp\/v2\/types\/page"}],"author":[{"embeddable":true,"href":"https:\/\/www.r9.cz\/index.php?rest_route=\/wp\/v2\/users\/12"}],"replies":[{"embeddable":true,"href":"https:\/\/www.r9.cz\/index.php?rest_route=%2Fwp%2Fv2%2Fcomments&post=193"}],"version-history":[{"count":6,"href":"https:\/\/www.r9.cz\/index.php?rest_route=\/wp\/v2\/pages\/193\/revisions"}],"predecessor-version":[{"id":855,"href":"https:\/\/www.r9.cz\/index.php?rest_route=\/wp\/v2\/pages\/193\/revisions\/855"}],"up":[{"embeddable":true,"href":"https:\/\/www.r9.cz\/index.php?rest_route=\/wp\/v2\/pages\/17"}],"wp:attachment":[{"href":"https:\/\/www.r9.cz\/index.php?rest_route=%2Fwp%2Fv2%2Fmedia&parent=193"}],"curies":[{"name":"wp","href":"https:\/\/api.w.org\/{rel}","templated":true}]}}