{"id":2453,"date":"2015-06-10T08:46:18","date_gmt":"2015-06-10T07:46:18","guid":{"rendered":"http:\/\/www.r9.cz\/?page_id=2453"},"modified":"2017-02-08T16:53:51","modified_gmt":"2017-02-08T15:53:51","slug":"josef-bosak","status":"publish","type":"page","link":"https:\/\/www.r9.cz\/?page_id=2453","title":{"rendered":"Josef Bos\u00e1k"},"content":{"rendered":"<p><a href=\"http:\/\/www.r9.cz\/wp-content\/uploads\/2015\/06\/unknown.jpeg\"><img loading=\"lazy\" decoding=\"async\" class=\"size-full wp-image-3027 alignleft\" src=\"http:\/\/www.r9.cz\/wp-content\/uploads\/2015\/06\/unknown.jpeg\" alt=\"unknown\" width=\"200\" height=\"200\" srcset=\"https:\/\/www.r9.cz\/wp-content\/uploads\/2015\/06\/unknown.jpeg 200w, https:\/\/www.r9.cz\/wp-content\/uploads\/2015\/06\/unknown-150x150.jpeg 150w\" sizes=\"(max-width: 200px) 100vw, 200px\" \/><\/a><\/p>\n<p>&nbsp;<\/p>\n<p>&nbsp;<\/p>\n<p>&nbsp;<\/p>\n<p>&nbsp;<\/p>\n<p>&nbsp;<\/p>\n<p><strong>Bydli\u0161t\u011b:<\/strong>\u00a0Nad finan\u010d\u00e1kem<br \/>\n<strong>Obl\u00edben\u00fd n\u00e1m\u011bt:<\/strong>\u00a0rum<\/p>\nngg_shortcode_0_placeholder\n","protected":false},"excerpt":{"rendered":"<p>&nbsp; &nbsp; &nbsp; &nbsp; &nbsp; Bydli\u0161t\u011b:\u00a0Nad finan\u010d\u00e1kem Obl\u00edben\u00fd n\u00e1m\u011bt:\u00a0rum<\/p>\n","protected":false},"author":4,"featured_media":0,"parent":17,"menu_order":0,"comment_status":"open","ping_status":"open","template":"","meta":{"ngg_post_thumbnail":0,"footnotes":""},"_links":{"self":[{"href":"https:\/\/www.r9.cz\/index.php?rest_route=\/wp\/v2\/pages\/2453"}],"collection":[{"href":"https:\/\/www.r9.cz\/index.php?rest_route=\/wp\/v2\/pages"}],"about":[{"href":"https:\/\/www.r9.cz\/index.php?rest_route=\/wp\/v2\/types\/page"}],"author":[{"embeddable":true,"href":"https:\/\/www.r9.cz\/index.php?rest_route=\/wp\/v2\/users\/4"}],"replies":[{"embeddable":true,"href":"https:\/\/www.r9.cz\/index.php?rest_route=%2Fwp%2Fv2%2Fcomments&post=2453"}],"version-history":[{"count":9,"href":"https:\/\/www.r9.cz\/index.php?rest_route=\/wp\/v2\/pages\/2453\/revisions"}],"predecessor-version":[{"id":3030,"href":"https:\/\/www.r9.cz\/index.php?rest_route=\/wp\/v2\/pages\/2453\/revisions\/3030"}],"up":[{"embeddable":true,"href":"https:\/\/www.r9.cz\/index.php?rest_route=\/wp\/v2\/pages\/17"}],"wp:attachment":[{"href":"https:\/\/www.r9.cz\/index.php?rest_route=%2Fwp%2Fv2%2Fmedia&parent=2453"}],"curies":[{"name":"wp","href":"https:\/\/api.w.org\/{rel}","templated":true}]}}