{"id":3074,"date":"2017-10-25T11:56:45","date_gmt":"2017-10-25T10:56:45","guid":{"rendered":"http:\/\/www.r9.cz\/?page_id=3074"},"modified":"2018-06-25T08:27:53","modified_gmt":"2018-06-25T07:27:53","slug":"hana-majerova","status":"publish","type":"page","link":"https:\/\/www.r9.cz\/?page_id=3074","title":{"rendered":"Hana Majerov\u00e1"},"content":{"rendered":"<p><img loading=\"lazy\" decoding=\"async\" class=\"wp-image-3087 alignleft\" src=\"http:\/\/www.r9.cz\/wp-content\/uploads\/2017\/10\/hankaprofil.jpg\" alt=\"\" width=\"224\" height=\"224\" srcset=\"https:\/\/www.r9.cz\/wp-content\/uploads\/2017\/10\/hankaprofil.jpg 500w, https:\/\/www.r9.cz\/wp-content\/uploads\/2017\/10\/hankaprofil-150x150.jpg 150w, https:\/\/www.r9.cz\/wp-content\/uploads\/2017\/10\/hankaprofil-300x300.jpg 300w\" sizes=\"(max-width: 224px) 100vw, 224px\" \/><\/p>\n<p>&nbsp;<\/p>\n<p>&nbsp;<\/p>\n<p>&nbsp;<\/p>\n<p>&nbsp;<\/p>\n<p>&nbsp;<\/p>\n<p><strong><br \/>\nBydli\u0161t\u011b:<\/strong>&nbsp;Ro\u017enov pod Radho\u0161t\u011bm<br \/>\n<strong>Obl\u00edben\u00fd n\u00e1m\u011bt:<\/strong> krajina, p\u0159\u00edroda, lid\u00e9, report\u00e1\u017e<br \/>\n<strong>Osobn\u00ed w\u00e9w\u00e9w\u00e9:<\/strong>&nbsp;<a href=\"https:\/\/www.hanka-foto.cz\/\">https:\/\/www.hanka-foto.cz\/<\/a><strong><br \/>\n<\/strong><\/p>\n","protected":false},"excerpt":{"rendered":"<p>&nbsp; &nbsp; &nbsp; &nbsp; &nbsp; Bydli\u0161t\u011b:&nbsp;Ro\u017enov pod Radho\u0161t\u011bm Obl\u00edben\u00fd n\u00e1m\u011bt: krajina, p\u0159\u00edroda, lid\u00e9, report\u00e1\u017e Osobn\u00ed w\u00e9w\u00e9w\u00e9:&nbsp;https:\/\/www.hanka-foto.cz\/<\/p>\n","protected":false},"author":4,"featured_media":0,"parent":17,"menu_order":0,"comment_status":"closed","ping_status":"closed","template":"","meta":{"ngg_post_thumbnail":0,"footnotes":""},"_links":{"self":[{"href":"https:\/\/www.r9.cz\/index.php?rest_route=\/wp\/v2\/pages\/3074"}],"collection":[{"href":"https:\/\/www.r9.cz\/index.php?rest_route=\/wp\/v2\/pages"}],"about":[{"href":"https:\/\/www.r9.cz\/index.php?rest_route=\/wp\/v2\/types\/page"}],"author":[{"embeddable":true,"href":"https:\/\/www.r9.cz\/index.php?rest_route=\/wp\/v2\/users\/4"}],"replies":[{"embeddable":true,"href":"https:\/\/www.r9.cz\/index.php?rest_route=%2Fwp%2Fv2%2Fcomments&post=3074"}],"version-history":[{"count":5,"href":"https:\/\/www.r9.cz\/index.php?rest_route=\/wp\/v2\/pages\/3074\/revisions"}],"predecessor-version":[{"id":3507,"href":"https:\/\/www.r9.cz\/index.php?rest_route=\/wp\/v2\/pages\/3074\/revisions\/3507"}],"up":[{"embeddable":true,"href":"https:\/\/www.r9.cz\/index.php?rest_route=\/wp\/v2\/pages\/17"}],"wp:attachment":[{"href":"https:\/\/www.r9.cz\/index.php?rest_route=%2Fwp%2Fv2%2Fmedia&parent=3074"}],"curies":[{"name":"wp","href":"https:\/\/api.w.org\/{rel}","templated":true}]}}