{"id":71,"date":"2011-09-13T14:58:04","date_gmt":"2011-09-13T12:58:04","guid":{"rendered":"http:\/\/www.r9.cz\/?page_id=71"},"modified":"2013-11-27T17:10:57","modified_gmt":"2013-11-27T16:10:57","slug":"o-fotoklubu-2","status":"publish","type":"page","link":"https:\/\/www.r9.cz\/?page_id=71","title":{"rendered":"O fotoklubu"},"content":{"rendered":"<p><a href=\"http:\/\/www.r9.cz\/wp-content\/uploads\/R9-logo.jpg\"><img loading=\"lazy\" decoding=\"async\" class=\"alignleft size-full wp-image-270\" title=\"R9 - logo\" src=\"http:\/\/www.r9.cz\/wp-content\/uploads\/R9-logo.jpg\" alt=\"\" width=\"150\" height=\"89\" \/><\/a><\/p>\n<p>&nbsp;<\/p>\n<p>&nbsp;<\/p>\n<p>&nbsp;<\/p>\n<p>Fotoklub R9 byl zalo\u017een na po\u010d\u00e1tku roku 2003. Vznikl z voln\u00e9ho sdru\u017een\u00ed amat\u00e9rsk\u00fdch fotograf\u016f (z Ro\u017enova a bl\u00edzk\u00e9ho okol\u00ed), kte\u0159\u00ed se do t\u00e9 doby sch\u00e1zeli v pravideln\u00fdch intervalech v ro\u017enovsk\u00fdch hospod\u00e1ch a diskutovali nad fotkami, focen\u00edm, pili p\u0159i tom pivo a jin\u00e9 nealkoholick\u00e9 n\u00e1poje. A tak se 15.1.2003 (budi\u017e to den posv\u011bcen\u00fd) rozhodli zalo\u017eit fotoklub, aby tak jedn\u00e1n\u00ed sv\u00e9mu \u0159\u00e1d a v\u011bt\u0161\u00ed smysl dali. Jeho n\u00e1zev vznikl z prvn\u00edho p\u00edsmene slova Ro\u017enov (s\u00eddlo fotoklubu) a z po\u010dtu dev\u00edti zakl\u00e1daj\u00edc\u00edch \u010dlen\u016f, tedy R9. Na prvn\u00edch n\u011bkolika sch\u016fzk\u00e1ch bylo slavnostn\u011b vybr\u00e1no logo, kter\u00e9 navrhl \u010dlen Dalibor Sehnal (za odm\u011bnu byl zvolen nepsan\u00fdm grafikem klubu).<\/p>\n<p><small>Mezi z\u00e1kladn\u00ed c\u00edle fotoklubu pat\u0159\u00ed:<\/small><\/p>\n<ul>\n<li>motivovat sebe a okol\u00ed v\u00a0amat\u00e9rsk\u00e9 fotografick\u00e9 tvorb\u011b<\/li>\n<li>p\u0159ed\u00e1vat si vz\u00e1jemn\u011b zku\u0161enosti z\u00a0oboru v\u00fdtvarn\u00e9 a dokument\u00e1rn\u00ed fotografie (analogov\u00e9 i digit\u00e1ln\u00ed).<\/li>\n<li>rozv\u00edjet fotoamat\u00e9rskou \u010dinnost v\u00a0regionu ro\u017enovska formou osv\u011bty, besed a p\u0159edn\u00e1\u0161ek<\/li>\n<\/ul>\n<p>V dlouhodob\u011bj\u0161\u00edm horizontu pak:<\/p>\n<ul>\n<li>vytvo\u0159en\u00ed z\u00e1kladny fotoamat\u00e9r\u016f k\u00a0\u00fa\u010dasti na p\u0159ehl\u00eddk\u00e1ch amat\u00e9rsk\u00fdch fotoklub\u016f \u010cR<\/li>\n<li>prezentace sv\u00e9 pr\u00e1ce na ve\u0159ejnosti<\/li>\n<li>dokumentace prost\u0159ed\u00ed a d\u011bn\u00ed v\u00a0ro\u017enovsk\u00e9m regionu<\/li>\n<\/ul>\n<p>V\u00edce pak v na\u0161ich stanov\u00e1ch <a title=\"Stanovy R9\" href=\"http:\/\/www.r9.cz\/?page_id=2016\">zde<\/a>.<br \/>\n<small>Klubov\u00fdm pit\u00edm je slivovice.<br \/>\nKlubovou hospodou Bras\u00e9rie Avion a aj dal\u0161\u00ed v Ro\u017enov\u011b pod Radho\u0161t\u011bm.<br \/>\nKlubov\u00fdm j\u00eddlem \u017eeb\u00edrka, k\u0159id\u00fdlka, bagetka s \u010desnekem, vanilkov\u00e1 pol\u00edvka a s\u00fdr a &#8230;.<br \/>\nKlubov\u00fdm heslem: &#8222;TVO\u0158ME !&#8220;<br \/>\nKlubov\u00fdm maskotem: zat\u00edm se nena\u0161el dobrovoln\u00edk, ale po t\u011bch letech by se p\u00e1r adept\u016f u\u017e na\u0161lo<\/small><\/p>\n","protected":false},"excerpt":{"rendered":"<p>&nbsp; &nbsp; &nbsp; Fotoklub R9 byl zalo\u017een na po\u010d\u00e1tku roku 2003. Vznikl z voln\u00e9ho sdru\u017een\u00ed amat\u00e9rsk\u00fdch fotograf\u016f (z Ro\u017enova a bl\u00edzk\u00e9ho okol\u00ed), kte\u0159\u00ed se do t\u00e9 doby sch\u00e1zeli v pravideln\u00fdch intervalech v ro\u017enovsk\u00fdch hospod\u00e1ch a diskutovali nad fotkami, focen\u00edm, pili &hellip; <a href=\"https:\/\/www.r9.cz\/?page_id=71\">Cel\u00fd p\u0159\u00edsp\u011bvek <span class=\"meta-nav\">&rarr;<\/span><\/a><\/p>\n","protected":false},"author":1,"featured_media":0,"parent":0,"menu_order":1,"comment_status":"closed","ping_status":"open","template":"","meta":{"ngg_post_thumbnail":0,"footnotes":""},"_links":{"self":[{"href":"https:\/\/www.r9.cz\/index.php?rest_route=\/wp\/v2\/pages\/71"}],"collection":[{"href":"https:\/\/www.r9.cz\/index.php?rest_route=\/wp\/v2\/pages"}],"about":[{"href":"https:\/\/www.r9.cz\/index.php?rest_route=\/wp\/v2\/types\/page"}],"author":[{"embeddable":true,"href":"https:\/\/www.r9.cz\/index.php?rest_route=\/wp\/v2\/users\/1"}],"replies":[{"embeddable":true,"href":"https:\/\/www.r9.cz\/index.php?rest_route=%2Fwp%2Fv2%2Fcomments&post=71"}],"version-history":[{"count":10,"href":"https:\/\/www.r9.cz\/index.php?rest_route=\/wp\/v2\/pages\/71\/revisions"}],"predecessor-version":[{"id":73,"href":"https:\/\/www.r9.cz\/index.php?rest_route=\/wp\/v2\/pages\/71\/revisions\/73"}],"wp:attachment":[{"href":"https:\/\/www.r9.cz\/index.php?rest_route=%2Fwp%2Fv2%2Fmedia&parent=71"}],"curies":[{"name":"wp","href":"https:\/\/api.w.org\/{rel}","templated":true}]}}